{"id":27,"date":"2024-12-18T12:50:24","date_gmt":"2024-12-18T18:50:24","guid":{"rendered":"https:\/\/notza.org\/notzauto\/?page_id=27"},"modified":"2025-01-09T11:33:47","modified_gmt":"2025-01-09T17:33:47","slug":"autos","status":"publish","type":"page","link":"https:\/\/notza.org\/notzauto\/autos\/","title":{"rendered":"autos"},"content":{"rendered":"<p>[et_pb_section fb_built=\u00bb1&#8243; admin_label=\u00bbHeader\u00bb _builder_version=\u00bb4.27.0&#8243; _module_preset=\u00bbdefault\u00bb background_color=\u00bbgcid-e428b4a0-8f75-478b-bc91-d4c919946667&#8243; background_enable_image=\u00bboff\u00bb background_size=\u00bbinitial\u00bb background_position=\u00bbtop_center\u00bb custom_padding=\u00bb100px||100px||true|false\u00bb collapsed=\u00bbon\u00bb global_colors_info=\u00bb{%22gcid-e428b4a0-8f75-478b-bc91-d4c919946667%22:%91%22background_color%22%93}\u00bb][et_pb_row _builder_version=\u00bb4.27.0&#8243; _module_preset=\u00bbdefault\u00bb global_colors_info=\u00bb{}\u00bb][et_pb_column type=\u00bb4_4&#8243; _builder_version=\u00bb4.27.0&#8243; _module_preset=\u00bbdefault\u00bb global_colors_info=\u00bb{}\u00bb][et_pb_heading title=\u00bbVEH\u00cdCULOS ENTRE PRIVADOS \u00bb _builder_version=\u00bb4.27.0&#8243; _module_preset=\u00bbdefault\u00bb title_text_align=\u00bbcenter\u00bb title_text_color=\u00bb#FFFFFF\u00bb title_font_size=\u00bb40px\u00bb hover_enabled=\u00bb0&#8243; global_colors_info=\u00bb{}\u00bb sticky_enabled=\u00bb0&#8243;][\/et_pb_heading][et_pb_heading title=\u00bbCOMPRA\u00bb _builder_version=\u00bb4.27.0&#8243; _module_preset=\u00bbdefault\u00bb title_text_align=\u00bbcenter\u00bb title_text_color=\u00bb#FFFFFF\u00bb title_font_size=\u00bb35px\u00bb title_letter_spacing=\u00bb5px\u00bb hover_enabled=\u00bb0&#8243; sticky_enabled=\u00bb0&#8243;][\/et_pb_heading][\/et_pb_column][\/et_pb_row][\/et_pb_section][et_pb_section fb_built=\u00bb1&#8243; admin_label=\u00bbProducts &#8211; New Releases\u00bb _builder_version=\u00bb4.27.0&#8243; _module_preset=\u00bbdefault\u00bb background_color=\u00bb#FFFFFF\u00bb custom_margin=\u00bb-94px|||||\u00bb collapsed=\u00bbon\u00bb global_colors_info=\u00bb{}\u00bb][et_pb_row column_structure=\u00bb1_4,1_4,1_4,1_4&#8243; _builder_version=\u00bb4.27.0&#8243; _module_preset=\u00bbdefault\u00bb custom_margin=\u00bb||||false|false\u00bb global_colors_info=\u00bb{}\u00bb][et_pb_column type=\u00bb1_4&#8243; _builder_version=\u00bb4.22.0&#8243; _module_preset=\u00bbdefault\u00bb global_colors_info=\u00bb{}\u00bb][et_pb_cta title=\u00bbAUTOM\u00d3VILES \u00bb button_url=\u00bb#\u00bb button_text=\u00bbEXPLORAR\u00bb _builder_version=\u00bb4.27.0&#8243; _module_preset=\u00bbdefault\u00bb header_font=\u00bb&#8211;et_global_heading_font||||||||\u00bb header_text_align=\u00bbcenter\u00bb header_text_color=\u00bb#FFFFFF\u00bb header_font_size=\u00bb22px\u00bb background_color=\u00bbRGBA(255,255,255,0)\u00bb background_image=\u00bbhttps:\/\/notza.org\/notzauto\/wp-content\/uploads\/2024\/12\/Diseno-sin-titulo.png\u00bb custom_button=\u00bbon\u00bb button_text_size=\u00bb18px\u00bb button_alignment=\u00bbcenter\u00bb transform_scale_linked=\u00bboff\u00bb transform_translate=\u00bb7px|0px\u00bb width=\u00bb100%\u00bb button_text_size_tablet=\u00bb18px\u00bb button_text_size_phone=\u00bb18px\u00bb button_text_size_last_edited=\u00bbon|phone\u00bb global_colors_info=\u00bb{}\u00bb][\/et_pb_cta][\/et_pb_column][et_pb_column type=\u00bb1_4&#8243; _builder_version=\u00bb4.22.0&#8243; _module_preset=\u00bbdefault\u00bb global_colors_info=\u00bb{}\u00bb][et_pb_cta title=\u00bbMOTOCICLETAS\u00bb button_url=\u00bbhttps:\/\/notza.org\/notzauto\/shop\/\u00bb button_text=\u00bbEXPLORAR\u00bb _builder_version=\u00bb4.27.0&#8243; _module_preset=\u00bbdefault\u00bb background_enable_color=\u00bboff\u00bb background_image=\u00bbhttps:\/\/notza.org\/notzauto\/wp-content\/uploads\/2024\/12\/Diseno-sin-titulo-1.png\u00bb custom_button=\u00bbon\u00bb button_text_size=\u00bb18px\u00bb global_colors_info=\u00bb{}\u00bb][\/et_pb_cta][\/et_pb_column][et_pb_column type=\u00bb1_4&#8243; _builder_version=\u00bb4.22.0&#8243; _module_preset=\u00bbdefault\u00bb global_colors_info=\u00bb{}\u00bb][et_pb_cta title=\u00bbBICICLETAS\u00bb button_url=\u00bb#\u00bb button_text=\u00bbEXPLORAR\u00bb _builder_version=\u00bb4.27.0&#8243; _module_preset=\u00bbdefault\u00bb background_enable_color=\u00bboff\u00bb background_image=\u00bbhttps:\/\/notza.org\/notzauto\/wp-content\/uploads\/2024\/12\/Diseno-sin-titulo-2.png\u00bb custom_button=\u00bbon\u00bb button_text_size=\u00bb18px\u00bb global_colors_info=\u00bb{}\u00bb][\/et_pb_cta][\/et_pb_column][et_pb_column type=\u00bb1_4&#8243; _builder_version=\u00bb4.22.0&#8243; _module_preset=\u00bbdefault\u00bb global_colors_info=\u00bb{}\u00bb][et_pb_cta title=\u00bbSCOOTERS\u00bb button_url=\u00bb#\u00bb button_text=\u00bbEXPLORAR\u00bb _builder_version=\u00bb4.27.0&#8243; _module_preset=\u00bbdefault\u00bb background_enable_color=\u00bboff\u00bb background_image=\u00bbhttps:\/\/notza.org\/notzauto\/wp-content\/uploads\/2024\/12\/Diseno-sin-titulo-3.png\u00bb custom_button=\u00bbon\u00bb button_text_size=\u00bb18px\u00bb global_colors_info=\u00bb{}\u00bb][\/et_pb_cta][\/et_pb_column][\/et_pb_row][\/et_pb_section][et_pb_section fb_built=\u00bb1&#8243; admin_label=\u00bbCall to Action\u00bb _builder_version=\u00bb4.27.0&#8243; _module_preset=\u00bbdefault\u00bb background_color=\u00bb#FFFFFF\u00bb background_enable_image=\u00bboff\u00bb background_size=\u00bbcustom\u00bb background_image_width=\u00bb70%\u00bb background_position=\u00bbbottom_right\u00bb background_horizontal_offset=\u00bb-8vw\u00bb custom_padding=\u00bb||0vw||false|false\u00bb saved_tabs=\u00bball\u00bb locked=\u00bboff\u00bb collapsed=\u00bbon\u00bb global_colors_info=\u00bb{}\u00bb][et_pb_row _builder_version=\u00bb4.21.0&#8243; _module_preset=\u00bbdefault\u00bb global_colors_info=\u00bb{}\u00bb][et_pb_column type=\u00bb4_4&#8243; _builder_version=\u00bb4.21.0&#8243; _module_preset=\u00bbdefault\u00bb global_colors_info=\u00bb{}\u00bb][et_pb_text _builder_version=\u00bb4.27.0&#8243; _module_preset=\u00bbc4b2bfe0-e1c9-482a-83b6-dc51946c226d\u00bb header_2_text_align=\u00bbcenter\u00bb header_2_text_color=\u00bb#000000&#8243; custom_margin=\u00bb||10px||false|false\u00bb header_2_font_size_phone=\u00bb35px\u00bb global_colors_info=\u00bb{}\u00bb]<\/p>\n<h2>CONFIANZA<\/h2>\n<p>[\/et_pb_text][et_pb_text _builder_version=\u00bb4.27.0&#8243; _module_preset=\u00bb77d872bb-f649-4217-83a1-64991a8ceb88&#8243; text_text_color=\u00bb#000000&#8243; text_font_size_tablet=\u00bb\u00bb text_font_size_phone=\u00bb18px\u00bb text_font_size_last_edited=\u00bbon|phone\u00bb global_colors_info=\u00bb{}\u00bb]<\/p>\n<p style=\"text-align: justify;\">En Notza, sabemos lo importante que es tomar decisiones seguras al comprar o vender un veh\u00edculo. Nuestro objetivo es ofrecerte un entorno confiable donde cada operaci\u00f3n se realice con total transparencia. Nos aseguramos de que cada oferta sea clara y verificable.<\/p>\n<p style=\"text-align: justify;\">Con nosotros, tu confianza es lo m\u00e1s importante. Vende o compra con la certeza de que est\u00e1s haciendo una transacci\u00f3n justa y segura.<\/p>\n<p>[\/et_pb_text][\/et_pb_column][\/et_pb_row][\/et_pb_section]<\/p>\n","protected":false},"excerpt":{"rendered":"<p>CONFIANZAEn Notza, sabemos lo importante que es tomar decisiones seguras al comprar o vender un veh\u00edculo. Nuestro objetivo es ofrecerte un entorno confiable donde cada operaci\u00f3n se realice con total transparencia. Nos aseguramos de que cada oferta sea clara y verificable. Con nosotros, tu confianza es lo m\u00e1s importante. Vende o compra con la certeza [&hellip;]<\/p>\n","protected":false},"author":1,"featured_media":0,"parent":0,"menu_order":0,"comment_status":"closed","ping_status":"closed","template":"","meta":{"_et_pb_use_builder":"on","_et_pb_old_content":"","_et_gb_content_width":"","footnotes":""},"class_list":["post-27","page","type-page","status-publish","hentry"],"_links":{"self":[{"href":"https:\/\/notza.org\/notzauto\/wp-json\/wp\/v2\/pages\/27","targetHints":{"allow":["GET"]}}],"collection":[{"href":"https:\/\/notza.org\/notzauto\/wp-json\/wp\/v2\/pages"}],"about":[{"href":"https:\/\/notza.org\/notzauto\/wp-json\/wp\/v2\/types\/page"}],"author":[{"embeddable":true,"href":"https:\/\/notza.org\/notzauto\/wp-json\/wp\/v2\/users\/1"}],"replies":[{"embeddable":true,"href":"https:\/\/notza.org\/notzauto\/wp-json\/wp\/v2\/comments?post=27"}],"version-history":[{"count":10,"href":"https:\/\/notza.org\/notzauto\/wp-json\/wp\/v2\/pages\/27\/revisions"}],"predecessor-version":[{"id":164,"href":"https:\/\/notza.org\/notzauto\/wp-json\/wp\/v2\/pages\/27\/revisions\/164"}],"wp:attachment":[{"href":"https:\/\/notza.org\/notzauto\/wp-json\/wp\/v2\/media?parent=27"}],"curies":[{"name":"wp","href":"https:\/\/api.w.org\/{rel}","templated":true}]}}